{"id":1885,"date":"2023-06-20T12:15:33","date_gmt":"2023-06-20T12:15:33","guid":{"rendered":"https:\/\/mersanmetal.com.tr\/?page_id=1885"},"modified":"2023-06-20T12:15:34","modified_gmt":"2023-06-20T12:15:34","slug":"formunuzu-aldik","status":"publish","type":"page","link":"https:\/\/mersanmetal.com.tr\/de\/formunuzu-aldik\/","title":{"rendered":"Formunuzu Ald\u0131k Sayfas\u0131"},"content":{"rendered":"<div data-elementor-type=\"wp-page\" data-elementor-id=\"1885\" class=\"elementor elementor-1885\">\n\t\t\t\t\t\t\t\t\t<section class=\"elementor-section elementor-top-section elementor-element elementor-element-e50b01f elementor-section-height-full elementor-section-boxed elementor-section-height-default elementor-section-items-middle\" data-id=\"e50b01f\" data-element_type=\"section\">\n\t\t\t\t\t\t<div class=\"elementor-container elementor-column-gap-default\">\n\t\t\t\t\t<div class=\"elementor-column elementor-col-100 elementor-top-column elementor-element elementor-element-43edadd\" data-id=\"43edadd\" data-element_type=\"column\">\n\t\t\t<div class=\"elementor-widget-wrap elementor-element-populated\">\n\t\t\t\t\t\t\t\t<div class=\"elementor-element elementor-element-9ff1eb2 elementor-widget elementor-widget-heading\" data-id=\"9ff1eb2\" data-element_type=\"widget\" data-widget_type=\"heading.default\">\n\t\t\t\t<div class=\"elementor-widget-container\">\n\t\t\t<style>\/*! elementor - v3.10.1 - 17-01-2023 *\/\n.elementor-heading-title{padding:0;margin:0;line-height:1}.elementor-widget-heading .elementor-heading-title[class*=elementor-size-]>a{color:inherit;font-size:inherit;line-height:inherit}.elementor-widget-heading .elementor-heading-title.elementor-size-small{font-size:15px}.elementor-widget-heading .elementor-heading-title.elementor-size-medium{font-size:19px}.elementor-widget-heading .elementor-heading-title.elementor-size-large{font-size:29px}.elementor-widget-heading .elementor-heading-title.elementor-size-xl{font-size:39px}.elementor-widget-heading .elementor-heading-title.elementor-size-xxl{font-size:59px}<\/style><h2 class=\"elementor-heading-title elementor-size-default\">Te\u015fekk\u00fcrler formunuzu ald\u0131k! En k\u0131sa s\u00fcrede sizinle ileti\u015fime ge\u00e7ece\u011fiz.<\/h2>\t\t<\/div>\n\t\t\t\t<\/div>\n\t\t\t\t\t<\/div>\n\t\t<\/div>\n\t\t\t\t\t\t\t<\/div>\n\t\t<\/section>\n\t\t\t\t\t\t\t<\/div>","protected":false},"excerpt":{"rendered":"<p>Te\u015fekk\u00fcrler formunuzu ald\u0131k! En k\u0131sa s\u00fcrede sizinle ileti\u015fime ge\u00e7ece\u011fiz.<\/p>","protected":false},"author":6,"featured_media":0,"parent":0,"menu_order":0,"comment_status":"closed","ping_status":"closed","template":"elementor_header_footer","meta":[],"yoast_head":"<!-- This site is optimized with the Yoast SEO Premium plugin v20.13 (Yoast SEO v20.13) - https:\/\/yoast.com\/wordpress\/plugins\/seo\/ -->\n<title>Formunuzu Ald\u0131k - Mersan Metal<\/title>\n<meta name=\"robots\" content=\"index, follow, max-snippet:-1, max-image-preview:large, max-video-preview:-1\" \/>\n<link rel=\"canonical\" href=\"https:\/\/mersanmetal.com.tr\/de\/formunuzu-aldik\/\" \/>\n<meta property=\"og:locale\" content=\"de_DE\" \/>\n<meta property=\"og:type\" content=\"article\" \/>\n<meta property=\"og:title\" content=\"Formunuzu Ald\u0131k Sayfas\u0131\" \/>\n<meta property=\"og:description\" content=\"Te\u015fekk\u00fcrler formunuzu ald\u0131k! En k\u0131sa s\u00fcrede sizinle ileti\u015fime ge\u00e7ece\u011fiz.\" \/>\n<meta property=\"og:url\" content=\"https:\/\/mersanmetal.com.tr\/de\/formunuzu-aldik\/\" \/>\n<meta property=\"og:site_name\" content=\"Mersan Metal\" \/>\n<meta property=\"article:modified_time\" content=\"2023-06-20T12:15:34+00:00\" \/>\n<meta name=\"twitter:card\" content=\"summary_large_image\" \/>\n<meta name=\"twitter:label1\" content=\"Gesch\u00e4tzte Lesezeit\" \/>\n\t<meta name=\"twitter:data1\" content=\"1 Minute\" \/>\n<script type=\"application\/ld+json\" class=\"yoast-schema-graph\">{\"@context\":\"https:\/\/schema.org\",\"@graph\":[{\"@type\":\"WebPage\",\"@id\":\"https:\/\/mersanmetal.com.tr\/de\/formunuzu-aldik\/\",\"url\":\"https:\/\/mersanmetal.com.tr\/de\/formunuzu-aldik\/\",\"name\":\"Formunuzu Ald\u0131k - Mersan Metal\",\"isPartOf\":{\"@id\":\"https:\/\/mersanmetal.com.tr\/#website\"},\"datePublished\":\"2023-06-20T12:15:33+00:00\",\"dateModified\":\"2023-06-20T12:15:34+00:00\",\"breadcrumb\":{\"@id\":\"https:\/\/mersanmetal.com.tr\/de\/formunuzu-aldik\/#breadcrumb\"},\"inLanguage\":\"de-DE\",\"potentialAction\":[{\"@type\":\"ReadAction\",\"target\":[\"https:\/\/mersanmetal.com.tr\/de\/formunuzu-aldik\/\"]}]},{\"@type\":\"BreadcrumbList\",\"@id\":\"https:\/\/mersanmetal.com.tr\/de\/formunuzu-aldik\/#breadcrumb\",\"itemListElement\":[{\"@type\":\"ListItem\",\"position\":1,\"name\":\"Home\",\"item\":\"https:\/\/mersanmetal.com.tr\/\"},{\"@type\":\"ListItem\",\"position\":2,\"name\":\"Formunuzu Ald\u0131k Sayfas\u0131\"}]},{\"@type\":\"WebSite\",\"@id\":\"https:\/\/mersanmetal.com.tr\/#website\",\"url\":\"https:\/\/mersanmetal.com.tr\/\",\"name\":\"Mersan Metal\",\"description\":\"Mersan Metal\",\"publisher\":{\"@id\":\"https:\/\/mersanmetal.com.tr\/#organization\"},\"potentialAction\":[{\"@type\":\"SearchAction\",\"target\":{\"@type\":\"EntryPoint\",\"urlTemplate\":\"https:\/\/mersanmetal.com.tr\/?s={search_term_string}\"},\"query-input\":\"required name=search_term_string\"}],\"inLanguage\":\"de-DE\"},{\"@type\":\"Organization\",\"@id\":\"https:\/\/mersanmetal.com.tr\/#organization\",\"name\":\"Mersan Metal\",\"url\":\"https:\/\/mersanmetal.com.tr\/\",\"logo\":{\"@type\":\"ImageObject\",\"inLanguage\":\"de-DE\",\"@id\":\"https:\/\/mersanmetal.com.tr\/#\/schema\/logo\/image\/\",\"url\":\"https:\/\/mersanmetal.com.tr\/wp-content\/uploads\/2023\/01\/mersan-metal-header-logo.png\",\"contentUrl\":\"https:\/\/mersanmetal.com.tr\/wp-content\/uploads\/2023\/01\/mersan-metal-header-logo.png\",\"width\":1500,\"height\":528,\"caption\":\"Mersan Metal\"},\"image\":{\"@id\":\"https:\/\/mersanmetal.com.tr\/#\/schema\/logo\/image\/\"}}]}<\/script>\n<!-- \/ Yoast SEO Premium plugin. -->","yoast_head_json":{"title":"Formunuzu Ald\u0131k - Mersan Metal","robots":{"index":"index","follow":"follow","max-snippet":"max-snippet:-1","max-image-preview":"max-image-preview:large","max-video-preview":"max-video-preview:-1"},"canonical":"https:\/\/mersanmetal.com.tr\/de\/formunuzu-aldik\/","og_locale":"de_DE","og_type":"article","og_title":"Formunuzu Ald\u0131k Sayfas\u0131","og_description":"Te\u015fekk\u00fcrler formunuzu ald\u0131k! En k\u0131sa s\u00fcrede sizinle ileti\u015fime ge\u00e7ece\u011fiz.","og_url":"https:\/\/mersanmetal.com.tr\/de\/formunuzu-aldik\/","og_site_name":"Mersan Metal","article_modified_time":"2023-06-20T12:15:34+00:00","twitter_card":"summary_large_image","twitter_misc":{"Gesch\u00e4tzte Lesezeit":"1 Minute"},"schema":{"@context":"https:\/\/schema.org","@graph":[{"@type":"WebPage","@id":"https:\/\/mersanmetal.com.tr\/de\/formunuzu-aldik\/","url":"https:\/\/mersanmetal.com.tr\/de\/formunuzu-aldik\/","name":"Formunuzu Ald\u0131k - Mersan Metal","isPartOf":{"@id":"https:\/\/mersanmetal.com.tr\/#website"},"datePublished":"2023-06-20T12:15:33+00:00","dateModified":"2023-06-20T12:15:34+00:00","breadcrumb":{"@id":"https:\/\/mersanmetal.com.tr\/de\/formunuzu-aldik\/#breadcrumb"},"inLanguage":"de-DE","potentialAction":[{"@type":"ReadAction","target":["https:\/\/mersanmetal.com.tr\/de\/formunuzu-aldik\/"]}]},{"@type":"BreadcrumbList","@id":"https:\/\/mersanmetal.com.tr\/de\/formunuzu-aldik\/#breadcrumb","itemListElement":[{"@type":"ListItem","position":1,"name":"Home","item":"https:\/\/mersanmetal.com.tr\/"},{"@type":"ListItem","position":2,"name":"Formunuzu Ald\u0131k Sayfas\u0131"}]},{"@type":"WebSite","@id":"https:\/\/mersanmetal.com.tr\/#website","url":"https:\/\/mersanmetal.com.tr\/","name":"Mersan Metal","description":"Mersan Metal","publisher":{"@id":"https:\/\/mersanmetal.com.tr\/#organization"},"potentialAction":[{"@type":"SearchAction","target":{"@type":"EntryPoint","urlTemplate":"https:\/\/mersanmetal.com.tr\/?s={search_term_string}"},"query-input":"required name=search_term_string"}],"inLanguage":"de-DE"},{"@type":"Organization","@id":"https:\/\/mersanmetal.com.tr\/#organization","name":"Mersan Metal","url":"https:\/\/mersanmetal.com.tr\/","logo":{"@type":"ImageObject","inLanguage":"de-DE","@id":"https:\/\/mersanmetal.com.tr\/#\/schema\/logo\/image\/","url":"https:\/\/mersanmetal.com.tr\/wp-content\/uploads\/2023\/01\/mersan-metal-header-logo.png","contentUrl":"https:\/\/mersanmetal.com.tr\/wp-content\/uploads\/2023\/01\/mersan-metal-header-logo.png","width":1500,"height":528,"caption":"Mersan Metal"},"image":{"@id":"https:\/\/mersanmetal.com.tr\/#\/schema\/logo\/image\/"}}]}},"_links":{"self":[{"href":"https:\/\/mersanmetal.com.tr\/de\/wp-json\/wp\/v2\/pages\/1885"}],"collection":[{"href":"https:\/\/mersanmetal.com.tr\/de\/wp-json\/wp\/v2\/pages"}],"about":[{"href":"https:\/\/mersanmetal.com.tr\/de\/wp-json\/wp\/v2\/types\/page"}],"author":[{"embeddable":true,"href":"https:\/\/mersanmetal.com.tr\/de\/wp-json\/wp\/v2\/users\/6"}],"replies":[{"embeddable":true,"href":"https:\/\/mersanmetal.com.tr\/de\/wp-json\/wp\/v2\/comments?post=1885"}],"version-history":[{"count":6,"href":"https:\/\/mersanmetal.com.tr\/de\/wp-json\/wp\/v2\/pages\/1885\/revisions"}],"predecessor-version":[{"id":1892,"href":"https:\/\/mersanmetal.com.tr\/de\/wp-json\/wp\/v2\/pages\/1885\/revisions\/1892"}],"wp:attachment":[{"href":"https:\/\/mersanmetal.com.tr\/de\/wp-json\/wp\/v2\/media?parent=1885"}],"curies":[{"name":"wp","href":"https:\/\/api.w.org\/{rel}","templated":true}]}}