{"id":534,"date":"2022-08-23T12:45:11","date_gmt":"2022-08-23T12:45:11","guid":{"rendered":"http:\/\/mersanmetal.com.tr\/?page_id=534"},"modified":"2024-10-10T12:27:12","modified_gmt":"2024-10-10T12:27:12","slug":"silolar","status":"publish","type":"page","link":"https:\/\/mersanmetal.com.tr\/en\/silos\/","title":{"rendered":"Silos"},"content":{"rendered":"<div data-elementor-type=\"wp-page\" data-elementor-id=\"534\" class=\"elementor elementor-534\">\n\t\t\t\t\t\t\t\t\t<section class=\"elementor-section elementor-top-section elementor-element elementor-element-d043903 elementor-section-boxed elementor-section-height-default elementor-section-height-default\" data-id=\"d043903\" data-element_type=\"section\" data-settings=\"{&quot;background_background&quot;:&quot;classic&quot;}\">\n\t\t\t\t\t\t\t<div class=\"elementor-background-overlay\"><\/div>\n\t\t\t\t\t\t\t<div class=\"elementor-container elementor-column-gap-no\">\n\t\t\t\t\t<div class=\"elementor-column elementor-col-100 elementor-top-column elementor-element elementor-element-5f798a7\" data-id=\"5f798a7\" data-element_type=\"column\">\n\t\t\t<div class=\"elementor-widget-wrap elementor-element-populated\">\n\t\t\t\t\t\t\t\t<div class=\"elementor-element elementor-element-e51b72d elementor-widget elementor-widget-heading\" data-id=\"e51b72d\" data-element_type=\"widget\" data-widget_type=\"heading.default\">\n\t\t\t\t<div class=\"elementor-widget-container\">\n\t\t\t<style>\/*! elementor - v3.10.1 - 17-01-2023 *\/\n.elementor-heading-title{padding:0;margin:0;line-height:1}.elementor-widget-heading .elementor-heading-title[class*=elementor-size-]>a{color:inherit;font-size:inherit;line-height:inherit}.elementor-widget-heading .elementor-heading-title.elementor-size-small{font-size:15px}.elementor-widget-heading .elementor-heading-title.elementor-size-medium{font-size:19px}.elementor-widget-heading .elementor-heading-title.elementor-size-large{font-size:29px}.elementor-widget-heading .elementor-heading-title.elementor-size-xl{font-size:39px}.elementor-widget-heading .elementor-heading-title.elementor-size-xxl{font-size:59px}<\/style><h1 class=\"elementor-heading-title elementor-size-default\">SILOLAR<\/h1>\t\t<\/div>\n\t\t\t\t<\/div>\n\t\t\t\t<div class=\"elementor-element elementor-element-cbbe16e elementor-widget-divider--view-line elementor-widget elementor-widget-divider\" data-id=\"cbbe16e\" data-element_type=\"widget\" data-widget_type=\"divider.default\">\n\t\t\t\t<div class=\"elementor-widget-container\">\n\t\t\t<style>\/*! elementor - v3.10.1 - 17-01-2023 *\/\n.elementor-widget-divider{--divider-border-style:none;--divider-border-width:1px;--divider-color:#2c2c2c;--divider-icon-size:20px;--divider-element-spacing:10px;--divider-pattern-height:24px;--divider-pattern-size:20px;--divider-pattern-url:none;--divider-pattern-repeat:repeat-x}.elementor-widget-divider .elementor-divider{display:flex}.elementor-widget-divider .elementor-divider__text{font-size:15px;line-height:1;max-width:95%}.elementor-widget-divider .elementor-divider__element{margin:0 var(--divider-element-spacing);flex-shrink:0}.elementor-widget-divider .elementor-icon{font-size:var(--divider-icon-size)}.elementor-widget-divider .elementor-divider-separator{display:flex;margin:0;direction:ltr}.elementor-widget-divider--view-line_icon .elementor-divider-separator,.elementor-widget-divider--view-line_text .elementor-divider-separator{align-items:center}.elementor-widget-divider--view-line_icon .elementor-divider-separator:after,.elementor-widget-divider--view-line_icon .elementor-divider-separator:before,.elementor-widget-divider--view-line_text .elementor-divider-separator:after,.elementor-widget-divider--view-line_text .elementor-divider-separator:before{display:block;content:\"\";border-bottom:0;flex-grow:1;border-top:var(--divider-border-width) var(--divider-border-style) var(--divider-color)}.elementor-widget-divider--element-align-left .elementor-divider .elementor-divider-separator>.elementor-divider__svg:first-of-type{flex-grow:0;flex-shrink:100}.elementor-widget-divider--element-align-left .elementor-divider-separator:before{content:none}.elementor-widget-divider--element-align-left .elementor-divider__element{margin-left:0}.elementor-widget-divider--element-align-right .elementor-divider .elementor-divider-separator>.elementor-divider__svg:last-of-type{flex-grow:0;flex-shrink:100}.elementor-widget-divider--element-align-right .elementor-divider-separator:after{content:none}.elementor-widget-divider--element-align-right .elementor-divider__element{margin-right:0}.elementor-widget-divider:not(.elementor-widget-divider--view-line_text):not(.elementor-widget-divider--view-line_icon) .elementor-divider-separator{border-top:var(--divider-border-width) var(--divider-border-style) var(--divider-color)}.elementor-widget-divider--separator-type-pattern{--divider-border-style:none}.elementor-widget-divider--separator-type-pattern.elementor-widget-divider--view-line .elementor-divider-separator,.elementor-widget-divider--separator-type-pattern:not(.elementor-widget-divider--view-line) .elementor-divider-separator:after,.elementor-widget-divider--separator-type-pattern:not(.elementor-widget-divider--view-line) .elementor-divider-separator:before,.elementor-widget-divider--separator-type-pattern:not([class*=elementor-widget-divider--view]) .elementor-divider-separator{width:100%;min-height:var(--divider-pattern-height);-webkit-mask-size:var(--divider-pattern-size) 100%;mask-size:var(--divider-pattern-size) 100%;-webkit-mask-repeat:var(--divider-pattern-repeat);mask-repeat:var(--divider-pattern-repeat);background-color:var(--divider-color);-webkit-mask-image:var(--divider-pattern-url);mask-image:var(--divider-pattern-url)}.elementor-widget-divider--no-spacing{--divider-pattern-size:auto}.elementor-widget-divider--bg-round{--divider-pattern-repeat:round}.rtl .elementor-widget-divider .elementor-divider__text{direction:rtl}.e-con-inner>.elementor-widget-divider,.e-con>.elementor-widget-divider{width:var(--container-widget-width);--flex-grow:var(--container-widget-flex-grow)}<\/style>\t\t<div class=\"elementor-divider\">\n\t\t\t<span class=\"elementor-divider-separator\">\n\t\t\t\t\t\t<\/span>\n\t\t<\/div>\n\t\t\t\t<\/div>\n\t\t\t\t<\/div>\n\t\t\t\t\t<\/div>\n\t\t<\/div>\n\t\t\t\t\t\t\t<\/div>\n\t\t<\/section>\n\t\t\t\t<section class=\"elementor-section elementor-top-section elementor-element elementor-element-421ab4b elementor-section-boxed elementor-section-height-default elementor-section-height-default\" data-id=\"421ab4b\" data-element_type=\"section\">\n\t\t\t\t\t\t<div class=\"elementor-container elementor-column-gap-default\">\n\t\t\t\t\t<div class=\"elementor-column elementor-col-100 elementor-top-column elementor-element elementor-element-d6c92e7\" data-id=\"d6c92e7\" data-element_type=\"column\">\n\t\t\t<div class=\"elementor-widget-wrap elementor-element-populated\">\n\t\t\t\t\t\t\t\t<section class=\"elementor-section elementor-inner-section elementor-element elementor-element-bc0dc85 elementor-section-boxed elementor-section-height-default elementor-section-height-default\" data-id=\"bc0dc85\" data-element_type=\"section\">\n\t\t\t\t\t\t<div class=\"elementor-container elementor-column-gap-default\">\n\t\t\t\t\t<div class=\"elementor-column elementor-col-33 elementor-inner-column elementor-element elementor-element-edba130 elementor-hidden-tablet elementor-hidden-mobile\" data-id=\"edba130\" data-element_type=\"column\">\n\t\t\t<div class=\"elementor-widget-wrap\">\n\t\t\t\t\t\t\t\t\t<\/div>\n\t\t<\/div>\n\t\t\t\t<div class=\"elementor-column elementor-col-33 elementor-inner-column elementor-element elementor-element-11c5468\" data-id=\"11c5468\" data-element_type=\"column\" data-settings=\"{&quot;background_background&quot;:&quot;classic&quot;}\">\n\t\t\t<div class=\"elementor-widget-wrap elementor-element-populated\">\n\t\t\t\t\t\t\t\t<div class=\"elementor-element elementor-element-5eeadb4 elementor-hidden-mobile elementor-widget elementor-widget-spacer\" data-id=\"5eeadb4\" data-element_type=\"widget\" data-widget_type=\"spacer.default\">\n\t\t\t\t<div class=\"elementor-widget-container\">\n\t\t\t<style>\/*! elementor - v3.10.1 - 17-01-2023 *\/\n.elementor-column .elementor-spacer-inner{height:var(--spacer-size)}.e-con{--container-widget-width:100%}.e-con-inner>.elementor-widget-spacer,.e-con>.elementor-widget-spacer{width:var(--container-widget-width,var(--spacer-size));--align-self:var(--container-widget-align-self,initial);--flex-shrink:0}.e-con-inner>.elementor-widget-spacer>.elementor-widget-container,.e-con-inner>.elementor-widget-spacer>.elementor-widget-container>.elementor-spacer,.e-con>.elementor-widget-spacer>.elementor-widget-container,.e-con>.elementor-widget-spacer>.elementor-widget-container>.elementor-spacer{height:100%}.e-con-inner>.elementor-widget-spacer>.elementor-widget-container>.elementor-spacer>.elementor-spacer-inner,.e-con>.elementor-widget-spacer>.elementor-widget-container>.elementor-spacer>.elementor-spacer-inner{height:var(--container-widget-height,var(--spacer-size))}<\/style>\t\t<div class=\"elementor-spacer\">\n\t\t\t<div class=\"elementor-spacer-inner\"><\/div>\n\t\t<\/div>\n\t\t\t\t<\/div>\n\t\t\t\t<\/div>\n\t\t\t\t<div class=\"elementor-element elementor-element-8b78758 elementor-widget elementor-widget-spacer\" data-id=\"8b78758\" data-element_type=\"widget\" data-widget_type=\"spacer.default\">\n\t\t\t\t<div class=\"elementor-widget-container\">\n\t\t\t\t\t<div class=\"elementor-spacer\">\n\t\t\t<div class=\"elementor-spacer-inner\"><\/div>\n\t\t<\/div>\n\t\t\t\t<\/div>\n\t\t\t\t<\/div>\n\t\t\t\t\t<\/div>\n\t\t<\/div>\n\t\t\t\t<div class=\"elementor-column elementor-col-33 elementor-inner-column elementor-element elementor-element-c7e2bc2\" data-id=\"c7e2bc2\" data-element_type=\"column\">\n\t\t\t<div class=\"elementor-widget-wrap elementor-element-populated\">\n\t\t\t\t\t\t\t\t<div class=\"elementor-element elementor-element-995efba elementor-widget elementor-widget-heading\" data-id=\"995efba\" data-element_type=\"widget\" data-widget_type=\"heading.default\">\n\t\t\t\t<div class=\"elementor-widget-container\">\n\t\t\t<h2 class=\"elementor-heading-title elementor-size-default\">SILOLAR<\/h2>\t\t<\/div>\n\t\t\t\t<\/div>\n\t\t\t\t<div class=\"elementor-element elementor-element-76e017c elementor-widget elementor-widget-text-editor\" data-id=\"76e017c\" data-element_type=\"widget\" data-widget_type=\"text-editor.default\">\n\t\t\t\t<div class=\"elementor-widget-container\">\n\t\t\t<style>\/*! elementor - v3.10.1 - 17-01-2023 *\/\n.elementor-widget-text-editor.elementor-drop-cap-view-stacked .elementor-drop-cap{background-color:#818a91;color:#fff}.elementor-widget-text-editor.elementor-drop-cap-view-framed .elementor-drop-cap{color:#818a91;border:3px solid;background-color:transparent}.elementor-widget-text-editor:not(.elementor-drop-cap-view-default) .elementor-drop-cap{margin-top:8px}.elementor-widget-text-editor:not(.elementor-drop-cap-view-default) .elementor-drop-cap-letter{width:1em;height:1em}.elementor-widget-text-editor .elementor-drop-cap{float:left;text-align:center;line-height:1;font-size:50px}.elementor-widget-text-editor .elementor-drop-cap-letter{display:inline-block}<\/style>\t\t\t\t<p><a href=\"https:\/\/www.mrmconcreteplants.com\/cimento-silosu\/\">\u00c7imento silosu<\/a>, \u00e7imento, kire\u00e7, al\u00e7\u0131 gibi ince taneli kuru malzemelerin depolanmas\u0131 ve korunmas\u0131 i\u00e7in kullan\u0131lan dikey, genellikle silindirik yap\u0131daki b\u00fcy\u00fck depolama tanklar\u0131d\u0131r. \u00c7imento silolar\u0131, in\u015faat sekt\u00f6r\u00fcnde \u00e7imento gibi malzemelerin d\u00fczenli bir \u015fekilde stoklanmas\u0131n\u0131 ve gerekti\u011finde i\u015f makinelerine aktar\u0131lmas\u0131n\u0131 sa\u011flar.<\/p><p>\u00c7imento silolar\u0131, genellikle <a href=\"https:\/\/www.mrmconcreteplants.com\/beton-santralleri\/\">beton santralleri<\/a>, in\u015faat projeleri ve altyap\u0131 \u00e7al\u0131\u015fmalar\u0131nda s\u0131k\u00e7a kullan\u0131l\u0131r. Malzemenin rutubetten ve d\u0131\u015f etkenlerden korunarak uzun s\u00fcre dayan\u0131kl\u0131 kalmas\u0131n\u0131 sa\u011flar. Silolar, \u00e7imento gibi malzemelerin hava ile temas\u0131n\u0131 \u00f6nleyerek sertle\u015fmesini veya nem almas\u0131n\u0131 engeller.<\/p>\t\t\t\t\t\t<\/div>\n\t\t\t\t<\/div>\n\t\t\t\t\t<\/div>\n\t\t<\/div>\n\t\t\t\t\t\t\t<\/div>\n\t\t<\/section>\n\t\t\t\t\t<\/div>\n\t\t<\/div>\n\t\t\t\t\t\t\t<\/div>\n\t\t<\/section>\n\t\t\t\t\t\t\t<\/div>","protected":false},"excerpt":{"rendered":"<p>S\u0130LOLAR S\u0130LOLAR \u00c7imento silosu, \u00e7imento, kire\u00e7, al\u00e7\u0131 gibi ince taneli kuru malzemelerin depolanmas\u0131 ve korunmas\u0131 i\u00e7in kullan\u0131lan dikey, genellikle silindirik yap\u0131daki b\u00fcy\u00fck depolama tanklar\u0131d\u0131r. \u00c7imento silolar\u0131, in\u015faat sekt\u00f6r\u00fcnde \u00e7imento gibi malzemelerin d\u00fczenli bir \u015fekilde stoklanmas\u0131n\u0131 ve gerekti\u011finde i\u015f makinelerine aktar\u0131lmas\u0131n\u0131 sa\u011flar. \u00c7imento silolar\u0131, genellikle beton santralleri, in\u015faat projeleri ve altyap\u0131 \u00e7al\u0131\u015fmalar\u0131nda s\u0131k\u00e7a kullan\u0131l\u0131r. Malzemenin rutubetten &#8230; <a title=\"Silos\" class=\"read-more\" href=\"https:\/\/mersanmetal.com.tr\/en\/silos\/\" aria-label=\"More on Silolar\">Read more<\/a><\/p>","protected":false},"author":6,"featured_media":0,"parent":0,"menu_order":0,"comment_status":"closed","ping_status":"closed","template":"elementor_header_footer","meta":[],"yoast_head":"<!-- This site is optimized with the Yoast SEO Premium plugin v20.13 (Yoast SEO v20.13) - https:\/\/yoast.com\/wordpress\/plugins\/seo\/ -->\n<title>Silolar - Mersan Metal<\/title>\n<meta name=\"robots\" content=\"index, follow, max-snippet:-1, max-image-preview:large, max-video-preview:-1\" \/>\n<link rel=\"canonical\" href=\"https:\/\/mersanmetal.com.tr\/en\/silos\/\" \/>\n<meta property=\"og:locale\" content=\"en_GB\" \/>\n<meta property=\"og:type\" content=\"article\" \/>\n<meta property=\"og:title\" content=\"Silolar\" \/>\n<meta property=\"og:description\" content=\"S\u0130LOLAR S\u0130LOLAR \u00c7imento silosu, \u00e7imento, kire\u00e7, al\u00e7\u0131 gibi ince taneli kuru malzemelerin depolanmas\u0131 ve korunmas\u0131 i\u00e7in kullan\u0131lan dikey, genellikle silindirik yap\u0131daki b\u00fcy\u00fck depolama tanklar\u0131d\u0131r. \u00c7imento silolar\u0131, in\u015faat sekt\u00f6r\u00fcnde \u00e7imento gibi malzemelerin d\u00fczenli bir \u015fekilde stoklanmas\u0131n\u0131 ve gerekti\u011finde i\u015f makinelerine aktar\u0131lmas\u0131n\u0131 sa\u011flar. \u00c7imento silolar\u0131, genellikle beton santralleri, in\u015faat projeleri ve altyap\u0131 \u00e7al\u0131\u015fmalar\u0131nda s\u0131k\u00e7a kullan\u0131l\u0131r. Malzemenin rutubetten ... Read more\" \/>\n<meta property=\"og:url\" content=\"https:\/\/mersanmetal.com.tr\/en\/silos\/\" \/>\n<meta property=\"og:site_name\" content=\"Mersan Metal\" \/>\n<meta property=\"article:modified_time\" content=\"2024-10-10T12:27:12+00:00\" \/>\n<meta name=\"twitter:card\" content=\"summary_large_image\" \/>\n<meta name=\"twitter:label1\" content=\"Estimated reading time\" \/>\n\t<meta name=\"twitter:data1\" content=\"1 minute\" \/>\n<script type=\"application\/ld+json\" class=\"yoast-schema-graph\">{\"@context\":\"https:\/\/schema.org\",\"@graph\":[{\"@type\":\"WebPage\",\"@id\":\"https:\/\/mersanmetal.com.tr\/silolar\/\",\"url\":\"https:\/\/mersanmetal.com.tr\/silolar\/\",\"name\":\"Silolar - Mersan Metal\",\"isPartOf\":{\"@id\":\"https:\/\/mersanmetal.com.tr\/#website\"},\"datePublished\":\"2022-08-23T12:45:11+00:00\",\"dateModified\":\"2024-10-10T12:27:12+00:00\",\"breadcrumb\":{\"@id\":\"https:\/\/mersanmetal.com.tr\/silolar\/#breadcrumb\"},\"inLanguage\":\"en-GB\",\"potentialAction\":[{\"@type\":\"ReadAction\",\"target\":[\"https:\/\/mersanmetal.com.tr\/silolar\/\"]}]},{\"@type\":\"BreadcrumbList\",\"@id\":\"https:\/\/mersanmetal.com.tr\/silolar\/#breadcrumb\",\"itemListElement\":[{\"@type\":\"ListItem\",\"position\":1,\"name\":\"Home\",\"item\":\"https:\/\/mersanmetal.com.tr\/\"},{\"@type\":\"ListItem\",\"position\":2,\"name\":\"Silolar\"}]},{\"@type\":\"WebSite\",\"@id\":\"https:\/\/mersanmetal.com.tr\/#website\",\"url\":\"https:\/\/mersanmetal.com.tr\/\",\"name\":\"Mersan Metal\",\"description\":\"Mersan Metal\",\"publisher\":{\"@id\":\"https:\/\/mersanmetal.com.tr\/#organization\"},\"potentialAction\":[{\"@type\":\"SearchAction\",\"target\":{\"@type\":\"EntryPoint\",\"urlTemplate\":\"https:\/\/mersanmetal.com.tr\/?s={search_term_string}\"},\"query-input\":\"required name=search_term_string\"}],\"inLanguage\":\"en-GB\"},{\"@type\":\"Organization\",\"@id\":\"https:\/\/mersanmetal.com.tr\/#organization\",\"name\":\"Mersan Metal\",\"url\":\"https:\/\/mersanmetal.com.tr\/\",\"logo\":{\"@type\":\"ImageObject\",\"inLanguage\":\"en-GB\",\"@id\":\"https:\/\/mersanmetal.com.tr\/#\/schema\/logo\/image\/\",\"url\":\"https:\/\/mersanmetal.com.tr\/wp-content\/uploads\/2023\/01\/mersan-metal-header-logo.png\",\"contentUrl\":\"https:\/\/mersanmetal.com.tr\/wp-content\/uploads\/2023\/01\/mersan-metal-header-logo.png\",\"width\":1500,\"height\":528,\"caption\":\"Mersan Metal\"},\"image\":{\"@id\":\"https:\/\/mersanmetal.com.tr\/#\/schema\/logo\/image\/\"}}]}<\/script>\n<!-- \/ Yoast SEO Premium plugin. -->","yoast_head_json":{"title":"Silolar - Mersan Metal","robots":{"index":"index","follow":"follow","max-snippet":"max-snippet:-1","max-image-preview":"max-image-preview:large","max-video-preview":"max-video-preview:-1"},"canonical":"https:\/\/mersanmetal.com.tr\/en\/silos\/","og_locale":"en_GB","og_type":"article","og_title":"Silolar","og_description":"S\u0130LOLAR S\u0130LOLAR \u00c7imento silosu, \u00e7imento, kire\u00e7, al\u00e7\u0131 gibi ince taneli kuru malzemelerin depolanmas\u0131 ve korunmas\u0131 i\u00e7in kullan\u0131lan dikey, genellikle silindirik yap\u0131daki b\u00fcy\u00fck depolama tanklar\u0131d\u0131r. \u00c7imento silolar\u0131, in\u015faat sekt\u00f6r\u00fcnde \u00e7imento gibi malzemelerin d\u00fczenli bir \u015fekilde stoklanmas\u0131n\u0131 ve gerekti\u011finde i\u015f makinelerine aktar\u0131lmas\u0131n\u0131 sa\u011flar. \u00c7imento silolar\u0131, genellikle beton santralleri, in\u015faat projeleri ve altyap\u0131 \u00e7al\u0131\u015fmalar\u0131nda s\u0131k\u00e7a kullan\u0131l\u0131r. Malzemenin rutubetten ... Read more","og_url":"https:\/\/mersanmetal.com.tr\/en\/silos\/","og_site_name":"Mersan Metal","article_modified_time":"2024-10-10T12:27:12+00:00","twitter_card":"summary_large_image","twitter_misc":{"Estimated reading time":"1 minute"},"schema":{"@context":"https:\/\/schema.org","@graph":[{"@type":"WebPage","@id":"https:\/\/mersanmetal.com.tr\/silolar\/","url":"https:\/\/mersanmetal.com.tr\/silolar\/","name":"Silolar - Mersan Metal","isPartOf":{"@id":"https:\/\/mersanmetal.com.tr\/#website"},"datePublished":"2022-08-23T12:45:11+00:00","dateModified":"2024-10-10T12:27:12+00:00","breadcrumb":{"@id":"https:\/\/mersanmetal.com.tr\/silolar\/#breadcrumb"},"inLanguage":"en-GB","potentialAction":[{"@type":"ReadAction","target":["https:\/\/mersanmetal.com.tr\/silolar\/"]}]},{"@type":"BreadcrumbList","@id":"https:\/\/mersanmetal.com.tr\/silolar\/#breadcrumb","itemListElement":[{"@type":"ListItem","position":1,"name":"Home","item":"https:\/\/mersanmetal.com.tr\/"},{"@type":"ListItem","position":2,"name":"Silolar"}]},{"@type":"WebSite","@id":"https:\/\/mersanmetal.com.tr\/#website","url":"https:\/\/mersanmetal.com.tr\/","name":"Mersan Metal","description":"Mersan Metal","publisher":{"@id":"https:\/\/mersanmetal.com.tr\/#organization"},"potentialAction":[{"@type":"SearchAction","target":{"@type":"EntryPoint","urlTemplate":"https:\/\/mersanmetal.com.tr\/?s={search_term_string}"},"query-input":"required name=search_term_string"}],"inLanguage":"en-GB"},{"@type":"Organization","@id":"https:\/\/mersanmetal.com.tr\/#organization","name":"Mersan Metal","url":"https:\/\/mersanmetal.com.tr\/","logo":{"@type":"ImageObject","inLanguage":"en-GB","@id":"https:\/\/mersanmetal.com.tr\/#\/schema\/logo\/image\/","url":"https:\/\/mersanmetal.com.tr\/wp-content\/uploads\/2023\/01\/mersan-metal-header-logo.png","contentUrl":"https:\/\/mersanmetal.com.tr\/wp-content\/uploads\/2023\/01\/mersan-metal-header-logo.png","width":1500,"height":528,"caption":"Mersan Metal"},"image":{"@id":"https:\/\/mersanmetal.com.tr\/#\/schema\/logo\/image\/"}}]}},"_links":{"self":[{"href":"https:\/\/mersanmetal.com.tr\/en\/wp-json\/wp\/v2\/pages\/534"}],"collection":[{"href":"https:\/\/mersanmetal.com.tr\/en\/wp-json\/wp\/v2\/pages"}],"about":[{"href":"https:\/\/mersanmetal.com.tr\/en\/wp-json\/wp\/v2\/types\/page"}],"author":[{"embeddable":true,"href":"https:\/\/mersanmetal.com.tr\/en\/wp-json\/wp\/v2\/users\/6"}],"replies":[{"embeddable":true,"href":"https:\/\/mersanmetal.com.tr\/en\/wp-json\/wp\/v2\/comments?post=534"}],"version-history":[{"count":16,"href":"https:\/\/mersanmetal.com.tr\/en\/wp-json\/wp\/v2\/pages\/534\/revisions"}],"predecessor-version":[{"id":2207,"href":"https:\/\/mersanmetal.com.tr\/en\/wp-json\/wp\/v2\/pages\/534\/revisions\/2207"}],"wp:attachment":[{"href":"https:\/\/mersanmetal.com.tr\/en\/wp-json\/wp\/v2\/media?parent=534"}],"curies":[{"name":"wp","href":"https:\/\/api.w.org\/{rel}","templated":true}]}}